{"id":17,"date":"2016-08-05T18:45:03","date_gmt":"2016-08-05T18:45:03","guid":{"rendered":"http:\/\/jardinpasitos.cl\/sitio\/?page_id=17"},"modified":"2016-10-20T16:26:26","modified_gmt":"2016-10-20T16:26:26","slug":"minuta-de-alimentacion","status":"publish","type":"page","link":"https:\/\/jardinpasitos.cl\/sitio\/minuta-de-alimentacion\/","title":{"rendered":"Minuta de alimentaci\u00f3n"},"content":{"rendered":"<p>[vc_row full_width=&#8221;stretch_row&#8221; full_height=&#8221;yes&#8221; columns_placement=&#8221;stretch&#8221; parallax=&#8221;content-moving&#8221; css=&#8221;.vc_custom_1476296014940{background-image: url(http:\/\/jardinpasitos.cl\/sitio\/wp-content\/uploads\/2016\/08\/minutaFONDO-09.jpg?id=2211) !important;background-position: 0 0;background-repeat:epeat !important;}&#8221;][vc_column][vc_row_inner][vc_column_inner width=&#8221;1\/2&#8243; css=&#8221;.vc_custom_1476980660471{margin-bottom: 7% !important;}&#8221;][vc_single_image image=&#8221;2031&#8243; img_size=&#8221;medium&#8221; alignment=&#8221;center&#8221; css_animation=&#8221;appear&#8221;][\/vc_column_inner][vc_column_inner width=&#8221;1\/2&#8243;][vc_column_text css_animation=&#8221;top-to-bottom&#8221; css=&#8221;.vc_custom_1476286899543{border-radius: 10px !important;}&#8221;]<\/p>\n<blockquote>\n<div style=\"text-align: center;\"><span style=\"color: #333333;\">\u00a0<\/span><\/div>\n<div style=\"text-align: center;\"><span style=\"color: #333333;\"><span style=\"font-family: 'comic sans ms', sans-serif;\">El objetivo general del <\/span><span style=\"font-family: 'arial black', sans-serif;\">Proyecto Nutricional de Pasitos<\/span><span style=\"font-family: 'comic sans ms', sans-serif;\"> es proporcionar bases alimenticias, para asegurar un \u00f3ptimo desarrollo y un crecimiento adecuado, adem\u00e1s de incorporar buenos h\u00e1bitos alimenticios, para mantenerse saludables y evitar enfermedades en etapas posterior de la vida.<\/span><\/span><\/div>\n<div style=\"text-align: center;\"><\/div>\n<p style=\"text-align: center;\"><span style=\"color: #000000;\"><strong>Descargue en el link de abajo\u00a0nuestra minuta mensual<\/strong><\/span><\/p>\n<\/blockquote>\n<p>[\/vc_column_text][vc_column_text css_animation=&#8221;bottom-to-top&#8221; css=&#8221;.vc_custom_1476295689248{margin-top: 5px !important;margin-right: 5px !important;margin-bottom: 5px !important;margin-left: 5px !important;border-top-width: 2px !important;border-right-width: 2px !important;border-bottom-width: 2px !important;border-left-width: 2px !important;padding-top: 5px !important;padding-right: 5px !important;padding-bottom: 5px !important;padding-left: 5px !important;background-color: #ffffff !important;border-radius: 5px !important;}&#8221;]<\/p>\n<p style=\"text-align: center;\"><div class='w3eden'><!-- WPDM Link Template: Default Template -->\n\n\n<div class=\"wpdm-link-tpl link-btn [color]\" data-durl=\"https:\/\/jardinpasitos.cl\/sitio\/download\/minuta\/?wpdmdl=2127\" >\n    <div class=\"media\">\n        <div class=\"pull-left\"><img class=\"wpdm_icon\" alt=\"Icon\"   src=\"http:\/\/jardinpasitos.cl\/sitio\/wp-content\/plugins\/download-manager\/assets\/file-type-icons\/pdf.png\" \/><\/div>\n        <div class=\"media-body\"><strong class=\"ptitle\">Minuta de Alimentaci\u00f3n <span class=\"label label-default\" style=\"font-weight: 400;\">543.88 KB<\/span><\/strong>\n            <div><strong><a class='wpdm-download-link wpdm-download-locked [btnclass]' rel='nofollow' href='#' onclick=\"location.href='https:\/\/jardinpasitos.cl\/sitio\/download\/minuta\/?wpdmdl=2127';return false;\">Download<\/a><\/strong><\/div>\n        <\/div>\n    <\/div>\n<\/div>\n<div style=\"clear: both\"><\/div>\n<\/div>\n<p>[\/vc_column_text][\/vc_column_inner][\/vc_row_inner][\/vc_column][\/vc_row]<\/p>\n","protected":false},"excerpt":{"rendered":"<p>[vc_row full_width=&#8221;stretch_row&#8221; full_height=&#8221;yes&#8221; columns_placement=&#8221;stretch&#8221; parallax=&#8221;content-moving&#8221; css=&#8221;.vc_custom_1476296014940{background-image: url(http:\/\/jardinpasitos.cl\/sitio\/wp-content\/uploads\/2016\/08\/minutaFONDO-09.jpg?id=2211) !important;background-position: 0 0;background-repeat:epeat !important;}&#8221;][vc_column][vc_row_inner][vc_column_inner width=&#8221;1\/2&#8243; css=&#8221;.vc_custom_1476980660471{margin-bottom: 7% !important;}&#8221;][vc_single_image image=&#8221;2031&#8243; img_size=&#8221;medium&#8221; alignment=&#8221;center&#8221; css_animation=&#8221;appear&#8221;][\/vc_column_inner][vc_column_inner width=&#8221;1\/2&#8243;][vc_column_text css_animation=&#8221;top-to-bottom&#8221; css=&#8221;.vc_custom_1476286899543{border-radius: 10px !important;}&#8221;] \u00a0 El objetivo general del Proyecto Nutricional de Pasitos es proporcionar bases alimenticias, para asegurar un \u00f3ptimo desarrollo y un crecimiento adecuado, adem\u00e1s de incorporar buenos h\u00e1bitos alimenticios, para mantenerse saludables [&hellip;]<\/p>\n","protected":false},"author":1,"featured_media":0,"parent":0,"menu_order":0,"comment_status":"closed","ping_status":"closed","template":"","meta":[],"_links":{"self":[{"href":"https:\/\/jardinpasitos.cl\/sitio\/wp-json\/wp\/v2\/pages\/17"}],"collection":[{"href":"https:\/\/jardinpasitos.cl\/sitio\/wp-json\/wp\/v2\/pages"}],"about":[{"href":"https:\/\/jardinpasitos.cl\/sitio\/wp-json\/wp\/v2\/types\/page"}],"author":[{"embeddable":true,"href":"https:\/\/jardinpasitos.cl\/sitio\/wp-json\/wp\/v2\/users\/1"}],"replies":[{"embeddable":true,"href":"https:\/\/jardinpasitos.cl\/sitio\/wp-json\/wp\/v2\/comments?post=17"}],"version-history":[{"count":41,"href":"https:\/\/jardinpasitos.cl\/sitio\/wp-json\/wp\/v2\/pages\/17\/revisions"}],"predecessor-version":[{"id":2329,"href":"https:\/\/jardinpasitos.cl\/sitio\/wp-json\/wp\/v2\/pages\/17\/revisions\/2329"}],"wp:attachment":[{"href":"https:\/\/jardinpasitos.cl\/sitio\/wp-json\/wp\/v2\/media?parent=17"}],"curies":[{"name":"wp","href":"https:\/\/api.w.org\/{rel}","templated":true}]}}