{"id":11,"date":"2016-08-05T18:44:01","date_gmt":"2016-08-05T18:44:01","guid":{"rendered":"http:\/\/jardinpasitos.cl\/sitio\/?page_id=11"},"modified":"2016-10-19T17:53:28","modified_gmt":"2016-10-19T17:53:28","slug":"staff","status":"publish","type":"page","link":"https:\/\/jardinpasitos.cl\/sitio\/staff\/","title":{"rendered":"Staff"},"content":{"rendered":"<p>[vc_row full_width=&#8221;stretch_row_content_no_spaces&#8221; full_height=&#8221;yes&#8221; parallax=&#8221;content-moving-fade&#8221; parallax_image=&#8221;2228&#8243;][vc_column][vc_single_image image=&#8221;2044&#8243; img_size=&#8221;full&#8221; alignment=&#8221;center&#8221; css_animation=&#8221;appear&#8221; title=&#8221; &#8220;][\/vc_column][\/vc_row][vc_row][vc_column width=&#8221;1\/4&#8221;]\r\n\t\t\t<style type=\"text\/css\">\r\n\t\t\t\t\t\t\t\r\n\t\t\t\r\n\t\t\t\t.vc-team-style-1 .my-vc-team-member:hover .my-member-name {\r\n\t\t\t\t    background-color: #27c41f;\r\n\t\t\t\t}\r\n\t\t\t\t.vc-team-style-1 .my-vc-team-member:hover .my-member-post {\r\n\t\t\t\t    background-color: #27c41f;\r\n\t\t\t\t}\t\t\t\t\r\n\t\t\t\t.vc-team-style-1 .my-member-social ul li a  {\r\n\t\t\t\t    background-color:  #27c41f;\r\n\r\n\t\t\t\t}\r\n\t\t\t\t.vc-team-style-3 .my-vc-team-detail ul li a:hover {\r\n\t\t\t\t    background-color: #27c41f;\r\n\t\t\t\t}\r\n\t\t\t\t.vc-team-style-2 .my-member-social li a:hover {\r\n\t\t\t\t\tcolor: #FFF;\r\n\t\t\t\t\tbackground-color: #27c41f;\r\n\t\t\t\t\t\/* border: #16a085 1px solid; *\/\r\n\t\t\t\t}\r\n\t\t\t<\/style>\r\n\t\t\t\r\n\t\t\t<div class=\"my-vc-team vc-team-style-3\"><div class=\"my-vc-team-block\">\r\n\t\t\t\t<div class=\"my-vc-team-member\">\r\n\t\t\t\t\t<img src=\"https:\/\/jardinpasitos.cl\/sitio\/wp-content\/uploads\/2016\/10\/ava01.jpg\" class=\"img-responsive\" alt=\"team01\">\r\n\t\t\t\t\t<div class=\"my-vc-team-detail\">\r\n\t\t\t\t\t<h6 style=\"font-size:18px; color:;\" class=\"my-member-name\">Ana Ram\u00edrez Soto- Directora Administrativa<\/h6>\r\n\t\t\t\t\t<p style=\"font-size:16px; color:#000;\" class=\"my-member-post\">Diplomada en Aseguramiento de Calidad en Salas Cunas y Jard\u00ednes Infantiles, Univ. Santo Tom\u00e1s<\/p>\t\r\n\t\t\t\t\t<ul class=\"my-member-social\"><\/ul><\/div><\/div><\/div><\/div>[\/vc_column][vc_column width=&#8221;1\/4&#8243;]\r\n\t\t\t<style type=\"text\/css\">\r\n\t\t\t\t\t\t\t\r\n\t\t\t\r\n\t\t\t\t.vc-team-style-1 .my-vc-team-member:hover .my-member-name {\r\n\t\t\t\t    background-color: #27c41f;\r\n\t\t\t\t}\r\n\t\t\t\t.vc-team-style-1 .my-vc-team-member:hover .my-member-post {\r\n\t\t\t\t    background-color: #27c41f;\r\n\t\t\t\t}\t\t\t\t\r\n\t\t\t\t.vc-team-style-1 .my-member-social ul li a  {\r\n\t\t\t\t    background-color:  #27c41f;\r\n\r\n\t\t\t\t}\r\n\t\t\t\t.vc-team-style-3 .my-vc-team-detail ul li a:hover {\r\n\t\t\t\t    background-color: #27c41f;\r\n\t\t\t\t}\r\n\t\t\t\t.vc-team-style-2 .my-member-social li a:hover {\r\n\t\t\t\t\tcolor: #FFF;\r\n\t\t\t\t\tbackground-color: #27c41f;\r\n\t\t\t\t\t\/* border: #16a085 1px solid; *\/\r\n\t\t\t\t}\r\n\t\t\t<\/style>\r\n\t\t\t\r\n\t\t\t<div class=\"my-vc-team vc-team-style-3\"><div class=\"my-vc-team-block\">\r\n\t\t\t\t<div class=\"my-vc-team-member\">\r\n\t\t\t\t\t<img src=\"https:\/\/jardinpasitos.cl\/sitio\/wp-content\/uploads\/2016\/08\/5.jpg\" class=\"img-responsive\" alt=\"team01\">\r\n\t\t\t\t\t<div class=\"my-vc-team-detail\">\r\n\t\t\t\t\t<h6 style=\"font-size:18px; color:;\" class=\"my-member-name\">Mariel Mancilla Totz- Directora Pedag\u00f3gica<\/h6>\r\n\t\t\t\t\t<p style=\"font-size:16px; color:#000;\" class=\"my-member-post\">Educadora de P\u00e1rvulos, UPLA<\/p>\t\r\n\t\t\t\t\t<ul class=\"my-member-social\"><\/ul><\/div><\/div><\/div><\/div>[\/vc_column][vc_column width=&#8221;1\/4&#8243;]\r\n\t\t\t<style type=\"text\/css\">\r\n\t\t\t\t\t\t\t\r\n\t\t\t\r\n\t\t\t\t.vc-team-style-1 .my-vc-team-member:hover .my-member-name {\r\n\t\t\t\t    background-color: #27c41f;\r\n\t\t\t\t}\r\n\t\t\t\t.vc-team-style-1 .my-vc-team-member:hover .my-member-post {\r\n\t\t\t\t    background-color: #27c41f;\r\n\t\t\t\t}\t\t\t\t\r\n\t\t\t\t.vc-team-style-1 .my-member-social ul li a  {\r\n\t\t\t\t    background-color:  #27c41f;\r\n\r\n\t\t\t\t}\r\n\t\t\t\t.vc-team-style-3 .my-vc-team-detail ul li a:hover {\r\n\t\t\t\t    background-color: #27c41f;\r\n\t\t\t\t}\r\n\t\t\t\t.vc-team-style-2 .my-member-social li a:hover {\r\n\t\t\t\t\tcolor: #FFF;\r\n\t\t\t\t\tbackground-color: #27c41f;\r\n\t\t\t\t\t\/* border: #16a085 1px solid; *\/\r\n\t\t\t\t}\r\n\t\t\t<\/style>\r\n\t\t\t\r\n\t\t\t<div class=\"my-vc-team vc-team-style-3\"><div class=\"my-vc-team-block\">\r\n\t\t\t\t<div class=\"my-vc-team-member\">\r\n\t\t\t\t\t<img src=\"https:\/\/jardinpasitos.cl\/sitio\/wp-content\/uploads\/2016\/08\/3.jpg\" class=\"img-responsive\" alt=\"team01\">\r\n\t\t\t\t\t<div class=\"my-vc-team-detail\">\r\n\t\t\t\t\t<h6 style=\"font-size:18px; color:;\" class=\"my-member-name\">Mar\u00eda O\u00f1ate Ram\u00edrez- Manipuladora de Alimentos<\/h6>\r\n\t\t\t\t\t<p style=\"font-size:16px; color:#000;\" class=\"my-member-post\">Liceo Tec. de Valpara\u00edso<\/p>\t\r\n\t\t\t\t\t<ul class=\"my-member-social\"><\/ul><\/div><\/div><\/div><\/div>[\/vc_column][vc_column width=&#8221;1\/4&#8243;]\r\n\t\t\t<style type=\"text\/css\">\r\n\t\t\t\t\t\t\t\r\n\t\t\t\r\n\t\t\t\t.vc-team-style-1 .my-vc-team-member:hover .my-member-name {\r\n\t\t\t\t    background-color: #27c41f;\r\n\t\t\t\t}\r\n\t\t\t\t.vc-team-style-1 .my-vc-team-member:hover .my-member-post {\r\n\t\t\t\t    background-color: #27c41f;\r\n\t\t\t\t}\t\t\t\t\r\n\t\t\t\t.vc-team-style-1 .my-member-social ul li a  {\r\n\t\t\t\t    background-color:  #27c41f;\r\n\r\n\t\t\t\t}\r\n\t\t\t\t.vc-team-style-3 .my-vc-team-detail ul li a:hover {\r\n\t\t\t\t    background-color: #27c41f;\r\n\t\t\t\t}\r\n\t\t\t\t.vc-team-style-2 .my-member-social li a:hover {\r\n\t\t\t\t\tcolor: #FFF;\r\n\t\t\t\t\tbackground-color: #27c41f;\r\n\t\t\t\t\t\/* border: #16a085 1px solid; *\/\r\n\t\t\t\t}\r\n\t\t\t<\/style>\r\n\t\t\t\r\n\t\t\t<div class=\"my-vc-team vc-team-style-3\"><div class=\"my-vc-team-block\">\r\n\t\t\t\t<div class=\"my-vc-team-member\">\r\n\t\t\t\t\t<img src=\"https:\/\/jardinpasitos.cl\/sitio\/wp-content\/uploads\/2016\/10\/ava02.jpg\" class=\"img-responsive\" alt=\"team01\">\r\n\t\t\t\t\t<div class=\"my-vc-team-detail\">\r\n\t\t\t\t\t<h6 style=\"font-size:18px; color:;\" class=\"my-member-name\">Joselyn Flores Reyes- Educadora de P\u00e1rvulos<\/h6>\r\n\t\t\t\t\t<p style=\"font-size:16px; color:#000;\" class=\"my-member-post\">Universidad de Las Am\u00e9rcas<\/p>\t\r\n\t\t\t\t\t<ul class=\"my-member-social\"><\/ul><\/div><\/div><\/div><\/div>[\/vc_column][\/vc_row][vc_row][vc_column width=&#8221;1\/4&#8243;]\r\n\t\t\t<style type=\"text\/css\">\r\n\t\t\t\t\t\t\t\r\n\t\t\t\r\n\t\t\t\t.vc-team-style-1 .my-vc-team-member:hover .my-member-name {\r\n\t\t\t\t    background-color: #27c41f;\r\n\t\t\t\t}\r\n\t\t\t\t.vc-team-style-1 .my-vc-team-member:hover .my-member-post {\r\n\t\t\t\t    background-color: #27c41f;\r\n\t\t\t\t}\t\t\t\t\r\n\t\t\t\t.vc-team-style-1 .my-member-social ul li a  {\r\n\t\t\t\t    background-color:  #27c41f;\r\n\r\n\t\t\t\t}\r\n\t\t\t\t.vc-team-style-3 .my-vc-team-detail ul li a:hover {\r\n\t\t\t\t    background-color: #27c41f;\r\n\t\t\t\t}\r\n\t\t\t\t.vc-team-style-2 .my-member-social li a:hover {\r\n\t\t\t\t\tcolor: #FFF;\r\n\t\t\t\t\tbackground-color: #27c41f;\r\n\t\t\t\t\t\/* border: #16a085 1px solid; *\/\r\n\t\t\t\t}\r\n\t\t\t<\/style>\r\n\t\t\t\r\n\t\t\t<div class=\"my-vc-team vc-team-style-3\"><div class=\"my-vc-team-block\">\r\n\t\t\t\t<div class=\"my-vc-team-member\">\r\n\t\t\t\t\t<img src=\"https:\/\/jardinpasitos.cl\/sitio\/wp-content\/uploads\/2016\/08\/7.jpg\" class=\"img-responsive\" alt=\"team01\">\r\n\t\t\t\t\t<div class=\"my-vc-team-detail\">\r\n\t\t\t\t\t<h6 style=\"font-size:18px; color:;\" class=\"my-member-name\">Evelyn Alvarado Villalobos- T\u00e9cnico en P\u00e1rvulos<\/h6>\r\n\t\t\t\t\t<p style=\"font-size:16px; color:#000;\" class=\"my-member-post\">Insituto Los Leones<\/p>\t\r\n\t\t\t\t\t<ul class=\"my-member-social\"><\/ul><\/div><\/div><\/div><\/div>[\/vc_column][vc_column width=&#8221;1\/4&#8243;]\r\n\t\t\t<style type=\"text\/css\">\r\n\t\t\t\t\t\t\t\r\n\t\t\t\r\n\t\t\t\t.vc-team-style-1 .my-vc-team-member:hover .my-member-name {\r\n\t\t\t\t    background-color: #27c41f;\r\n\t\t\t\t}\r\n\t\t\t\t.vc-team-style-1 .my-vc-team-member:hover .my-member-post {\r\n\t\t\t\t    background-color: #27c41f;\r\n\t\t\t\t}\t\t\t\t\r\n\t\t\t\t.vc-team-style-1 .my-member-social ul li a  {\r\n\t\t\t\t    background-color:  #27c41f;\r\n\r\n\t\t\t\t}\r\n\t\t\t\t.vc-team-style-3 .my-vc-team-detail ul li a:hover {\r\n\t\t\t\t    background-color: #27c41f;\r\n\t\t\t\t}\r\n\t\t\t\t.vc-team-style-2 .my-member-social li a:hover {\r\n\t\t\t\t\tcolor: #FFF;\r\n\t\t\t\t\tbackground-color: #27c41f;\r\n\t\t\t\t\t\/* border: #16a085 1px solid; *\/\r\n\t\t\t\t}\r\n\t\t\t<\/style>\r\n\t\t\t\r\n\t\t\t<div class=\"my-vc-team vc-team-style-3\"><div class=\"my-vc-team-block\">\r\n\t\t\t\t<div class=\"my-vc-team-member\">\r\n\t\t\t\t\t<img src=\"https:\/\/jardinpasitos.cl\/sitio\/wp-content\/uploads\/2016\/08\/2.jpg\" class=\"img-responsive\" alt=\"team01\">\r\n\t\t\t\t\t<div class=\"my-vc-team-detail\">\r\n\t\t\t\t\t<h6 style=\"font-size:18px; color:;\" class=\"my-member-name\">Graciela G\u00f3mez Meza- T\u00e9cnico en P\u00e1rvulos<\/h6>\r\n\t\t\t\t\t<p style=\"font-size:16px; color:#000;\" class=\"my-member-post\">Liceo Tec. Valpara\u00edso<\/p>\t\r\n\t\t\t\t\t<ul class=\"my-member-social\"><\/ul><\/div><\/div><\/div><\/div>[\/vc_column][vc_column width=&#8221;1\/4&#8243;]\r\n\t\t\t<style type=\"text\/css\">\r\n\t\t\t\t\t\t\t\r\n\t\t\t\r\n\t\t\t\t.vc-team-style-1 .my-vc-team-member:hover .my-member-name {\r\n\t\t\t\t    background-color: #27c41f;\r\n\t\t\t\t}\r\n\t\t\t\t.vc-team-style-1 .my-vc-team-member:hover .my-member-post {\r\n\t\t\t\t    background-color: #27c41f;\r\n\t\t\t\t}\t\t\t\t\r\n\t\t\t\t.vc-team-style-1 .my-member-social ul li a  {\r\n\t\t\t\t    background-color:  #27c41f;\r\n\r\n\t\t\t\t}\r\n\t\t\t\t.vc-team-style-3 .my-vc-team-detail ul li a:hover {\r\n\t\t\t\t    background-color: #27c41f;\r\n\t\t\t\t}\r\n\t\t\t\t.vc-team-style-2 .my-member-social li a:hover {\r\n\t\t\t\t\tcolor: #FFF;\r\n\t\t\t\t\tbackground-color: #27c41f;\r\n\t\t\t\t\t\/* border: #16a085 1px solid; *\/\r\n\t\t\t\t}\r\n\t\t\t<\/style>\r\n\t\t\t\r\n\t\t\t<div class=\"my-vc-team vc-team-style-3\"><div class=\"my-vc-team-block\">\r\n\t\t\t\t<div class=\"my-vc-team-member\">\r\n\t\t\t\t\t<img src=\"https:\/\/jardinpasitos.cl\/sitio\/wp-content\/uploads\/2016\/08\/6.jpg\" class=\"img-responsive\" alt=\"team01\">\r\n\t\t\t\t\t<div class=\"my-vc-team-detail\">\r\n\t\t\t\t\t<h6 style=\"font-size:18px; color:;\" class=\"my-member-name\">Ana Palacios Poblete- T\u00e9cnico en P\u00e1rvulos<\/h6>\r\n\t\t\t\t\t<p style=\"font-size:16px; color:#000;\" class=\"my-member-post\">Liceo Tec. de Valpara\u00edso<\/p>\t\r\n\t\t\t\t\t<ul class=\"my-member-social\"><\/ul><\/div><\/div><\/div><\/div>[\/vc_column][vc_column width=&#8221;1\/4&#8243;]\r\n\t\t\t<style type=\"text\/css\">\r\n\t\t\t\t\t\t\t\r\n\t\t\t\r\n\t\t\t\t.vc-team-style-1 .my-vc-team-member:hover .my-member-name {\r\n\t\t\t\t    background-color: #27c41f;\r\n\t\t\t\t}\r\n\t\t\t\t.vc-team-style-1 .my-vc-team-member:hover .my-member-post {\r\n\t\t\t\t    background-color: #27c41f;\r\n\t\t\t\t}\t\t\t\t\r\n\t\t\t\t.vc-team-style-1 .my-member-social ul li a  {\r\n\t\t\t\t    background-color:  #27c41f;\r\n\r\n\t\t\t\t}\r\n\t\t\t\t.vc-team-style-3 .my-vc-team-detail ul li a:hover {\r\n\t\t\t\t    background-color: #27c41f;\r\n\t\t\t\t}\r\n\t\t\t\t.vc-team-style-2 .my-member-social li a:hover {\r\n\t\t\t\t\tcolor: #FFF;\r\n\t\t\t\t\tbackground-color: #27c41f;\r\n\t\t\t\t\t\/* border: #16a085 1px solid; *\/\r\n\t\t\t\t}\r\n\t\t\t<\/style>\r\n\t\t\t\r\n\t\t\t<div class=\"my-vc-team vc-team-style-3\"><div class=\"my-vc-team-block\">\r\n\t\t\t\t<div class=\"my-vc-team-member\">\r\n\t\t\t\t\t<img src=\"https:\/\/jardinpasitos.cl\/sitio\/wp-content\/uploads\/2016\/08\/4.jpg\" class=\"img-responsive\" alt=\"team01\">\r\n\t\t\t\t\t<div class=\"my-vc-team-detail\">\r\n\t\t\t\t\t<h6 style=\"font-size:18px; color:;\" class=\"my-member-name\">Fabiola Orihuela S\u00e1nchez<\/h6>\r\n\t\t\t\t\t<p style=\"font-size:16px; color:#000;\" class=\"my-member-post\">Encargada de Aseo, Higiene y Desinfecci\u00f3n<\/p>\t\r\n\t\t\t\t\t<ul class=\"my-member-social\"><\/ul><\/div><\/div><\/div><\/div>[\/vc_column][\/vc_row]<\/p>\n","protected":false},"excerpt":{"rendered":"<p>[vc_row full_width=&#8221;stretch_row_content_no_spaces&#8221; full_height=&#8221;yes&#8221; parallax=&#8221;content-moving-fade&#8221; parallax_image=&#8221;2228&#8243;][vc_column][vc_single_image image=&#8221;2044&#8243; img_size=&#8221;full&#8221; alignment=&#8221;center&#8221; css_animation=&#8221;appear&#8221; title=&#8221; &#8220;][\/vc_column][\/vc_row][vc_row][vc_column width=&#8221;1\/4&#8243;][\/vc_column][vc_column width=&#8221;1\/4&#8243;][\/vc_column][vc_column width=&#8221;1\/4&#8243;][\/vc_column][vc_column width=&#8221;1\/4&#8243;][\/vc_column][\/vc_row][vc_row][vc_column width=&#8221;1\/4&#8243;][\/vc_column][vc_column width=&#8221;1\/4&#8243;][\/vc_column][vc_column width=&#8221;1\/4&#8243;][\/vc_column][vc_column width=&#8221;1\/4&#8221;][\/vc_column][\/vc_row]<\/p>\n","protected":false},"author":1,"featured_media":0,"parent":0,"menu_order":0,"comment_status":"closed","ping_status":"closed","template":"","meta":[],"_links":{"self":[{"href":"https:\/\/jardinpasitos.cl\/sitio\/wp-json\/wp\/v2\/pages\/11"}],"collection":[{"href":"https:\/\/jardinpasitos.cl\/sitio\/wp-json\/wp\/v2\/pages"}],"about":[{"href":"https:\/\/jardinpasitos.cl\/sitio\/wp-json\/wp\/v2\/types\/page"}],"author":[{"embeddable":true,"href":"https:\/\/jardinpasitos.cl\/sitio\/wp-json\/wp\/v2\/users\/1"}],"replies":[{"embeddable":true,"href":"https:\/\/jardinpasitos.cl\/sitio\/wp-json\/wp\/v2\/comments?post=11"}],"version-history":[{"count":58,"href":"https:\/\/jardinpasitos.cl\/sitio\/wp-json\/wp\/v2\/pages\/11\/revisions"}],"predecessor-version":[{"id":2243,"href":"https:\/\/jardinpasitos.cl\/sitio\/wp-json\/wp\/v2\/pages\/11\/revisions\/2243"}],"wp:attachment":[{"href":"https:\/\/jardinpasitos.cl\/sitio\/wp-json\/wp\/v2\/media?parent=11"}],"curies":[{"name":"wp","href":"https:\/\/api.w.org\/{rel}","templated":true}]}}